{"id":10948,"date":"2024-11-29T03:42:12","date_gmt":"2024-11-29T02:42:12","guid":{"rendered":"https:\/\/magniplastic.com\/?post_type=product&#038;p=10948"},"modified":"2024-11-29T03:42:12","modified_gmt":"2024-11-29T02:42:12","slug":"tarima-de-plastico-para-exportacion-nueva-40-x-48","status":"publish","type":"product","link":"https:\/\/magniplastic.com\/en\/product\/tarima-de-plastico-para-exportacion-nueva-40-x-48\/","title":{"rendered":"Tarima de pl\u00e1stico para exportaci\u00f3n nueva 40&#8243; \u00d7 48&#8243;"},"content":{"rendered":"","protected":false},"excerpt":{"rendered":"<h3><strong>Tarima Pl\u00e1stica de Exportaci\u00f3n<\/strong><\/h3>\n<ul>\n<li><strong>Medidas:<\/strong>\n<ul>\n<li>Largo: 40&#8243;<\/li>\n<li>Ancho: 48&#8243;<\/li>\n<li>Altura: 6&#8243;<\/li>\n<\/ul>\n<\/li>\n<li><strong>Color de L\u00ednea:<\/strong> Negro<\/li>\n<li><strong>Capacidades:<\/strong>\n<ul>\n<li><strong>Carga Din\u00e1mica:<\/strong> 1,000 kg<\/li>\n<li><strong>Carga Est\u00e1tica:<\/strong> 1,000 kg<\/li>\n<li><strong>Peso:<\/strong> 7.7 kg<\/li>\n<\/ul>\n<\/li>\n<li><strong>Caracter\u00edsticas Adicionales:<\/strong>\n<ul>\n<li>Entrada por los 4 costados para pat\u00edn de carga y montacargas<\/li>\n<li><strong>Notas:<\/strong>\n<ul>\n<li>Tarima muy resistente y econ\u00f3mica para exportaci\u00f3n.<\/li>\n<li>Ligera y adecuada para la entrega de productos terminados.<\/li>\n<\/ul>\n<\/li>\n<\/ul>\n<\/li>\n<\/ul>","protected":false},"featured_media":10949,"comment_status":"open","ping_status":"closed","template":"","meta":[],"product_brand":[],"product_cat":[125],"product_tag":[],"class_list":{"0":"post-10948","1":"product","2":"type-product","3":"status-publish","4":"has-post-thumbnail","6":"product_cat-tarimas-de-plastico","8":"first","9":"instock","10":"shipping-taxable","11":"product-type-simple"},"_links":{"self":[{"href":"https:\/\/magniplastic.com\/en\/wp-json\/wp\/v2\/product\/10948","targetHints":{"allow":["GET"]}}],"collection":[{"href":"https:\/\/magniplastic.com\/en\/wp-json\/wp\/v2\/product"}],"about":[{"href":"https:\/\/magniplastic.com\/en\/wp-json\/wp\/v2\/types\/product"}],"replies":[{"embeddable":true,"href":"https:\/\/magniplastic.com\/en\/wp-json\/wp\/v2\/comments?post=10948"}],"version-history":[{"count":1,"href":"https:\/\/magniplastic.com\/en\/wp-json\/wp\/v2\/product\/10948\/revisions"}],"predecessor-version":[{"id":10950,"href":"https:\/\/magniplastic.com\/en\/wp-json\/wp\/v2\/product\/10948\/revisions\/10950"}],"wp:featuredmedia":[{"embeddable":true,"href":"https:\/\/magniplastic.com\/en\/wp-json\/wp\/v2\/media\/10949"}],"wp:attachment":[{"href":"https:\/\/magniplastic.com\/en\/wp-json\/wp\/v2\/media?parent=10948"}],"wp:term":[{"taxonomy":"product_brand","embeddable":true,"href":"https:\/\/magniplastic.com\/en\/wp-json\/wp\/v2\/product_brand?post=10948"},{"taxonomy":"product_cat","embeddable":true,"href":"https:\/\/magniplastic.com\/en\/wp-json\/wp\/v2\/product_cat?post=10948"},{"taxonomy":"product_tag","embeddable":true,"href":"https:\/\/magniplastic.com\/en\/wp-json\/wp\/v2\/product_tag?post=10948"}],"curies":[{"name":"wp","href":"https:\/\/api.w.org\/{rel}","templated":true}]}}