{"id":10945,"date":"2024-11-29T03:40:52","date_gmt":"2024-11-29T02:40:52","guid":{"rendered":"https:\/\/magniplastic.com\/?post_type=product&#038;p=10945"},"modified":"2024-11-29T03:40:52","modified_gmt":"2024-11-29T02:40:52","slug":"tarima-de-plastico-para-exportacion-nueva-100-x-120","status":"publish","type":"product","link":"https:\/\/magniplastic.com\/en\/product\/tarima-de-plastico-para-exportacion-nueva-100-x-120\/","title":{"rendered":"Tarima de pl\u00e1stico para exportaci\u00f3n nueva 100&#8243; \u00d7 120&#8243;"},"content":{"rendered":"","protected":false},"excerpt":{"rendered":"<div class=\"flex-1 overflow-hidden\">\n<div class=\"h-full\">\n<div class=\"react-scroll-to-bottom--css-vafid-79elbk h-full\">\n<div class=\"react-scroll-to-bottom--css-vafid-1n7m0yu\">\n<div class=\"flex flex-col text-sm md:pb-9\">\n<article class=\"w-full scroll-mb-[var(--thread-trailing-height,150px)] text-token-text-primary focus-visible:outline-2 focus-visible:outline-offset-[-4px]\" dir=\"auto\" data-testid=\"conversation-turn-77\" data-scroll-anchor=\"true\">\n<div class=\"m-auto text-base py-[18px] px-3 md:px-4 w-full md:px-5 lg:px-4 xl:px-5\">\n<div class=\"mx-auto flex flex-1 gap-4 text-base md:gap-5 lg:gap-6 md:max-w-3xl lg:max-w-[40rem] xl:max-w-[48rem]\">\n<div class=\"group\/conversation-turn relative flex w-full min-w-0 flex-col agent-turn\">\n<div class=\"flex-col gap-1 md:gap-3\">\n<div class=\"flex max-w-full flex-col flex-grow\">\n<div class=\"min-h-8 text-message flex w-full flex-col items-end gap-2 whitespace-normal break-words [.text-message+&amp;]:mt-5\" dir=\"auto\" data-message-author-role=\"assistant\" data-message-id=\"3785999e-7bec-47d2-a335-605ec9503dd2\" data-message-model-slug=\"gpt-4o-mini\">\n<div class=\"flex w-full flex-col gap-1 empty:hidden first:pt-[3px]\">\n<div class=\"markdown prose w-full break-words dark:prose-invert light\">\n<h3><strong>Especificaciones:<\/strong><\/h3>\n<ul>\n<li><strong>Carga Din\u00e1mica:<\/strong> 700 kg<\/li>\n<li><strong>Carga Est\u00e1tica:<\/strong> 2,000 kg<\/li>\n<li><strong>Dimensiones:<\/strong>\n<ul>\n<li>Largo: 100 cm<\/li>\n<li>Ancho: 120 cm<\/li>\n<li>Altura: 13.5 cm<\/li>\n<\/ul>\n<\/li>\n<li><strong>Versiones:<\/strong> Cerrado y calado<\/li>\n<li><strong>Tipo de Empaque:<\/strong> Enfilade<\/li>\n<li><strong>Capacidad de Contenedores:<\/strong>\n<ul>\n<li>Contenedor 20\u2032: 380 unidades<\/li>\n<li>Contenedor 40\u2032: 880 unidades<\/li>\n<li>Torton 22\u2032: 450 unidades<\/li>\n<li>Tr\u00e1iler 48\u2032: 1,400 unidades<\/li>\n<li>Furg\u00f3n FFCC: 2,100 unidades<\/li>\n<\/ul>\n<\/li>\n<\/ul>\n<\/div>\n<\/div>\n<\/div>\n<\/div>\n<div class=\"mb-2 flex gap-3 empty:hidden -ml-2\">\n<div class=\"items-center justify-start rounded-xl p-1 flex\"><\/div>\n<\/div>\n<\/div>\n<\/div>\n<\/div>\n<\/div>\n<\/article>\n<\/div>\n<\/div>\n<\/div>\n<\/div>\n<\/div>","protected":false},"featured_media":10946,"comment_status":"open","ping_status":"closed","template":"","meta":[],"product_brand":[],"product_cat":[125],"product_tag":[],"class_list":{"0":"post-10945","1":"product","2":"type-product","3":"status-publish","4":"has-post-thumbnail","6":"product_cat-tarimas-de-plastico","8":"first","9":"instock","10":"shipping-taxable","11":"product-type-simple"},"_links":{"self":[{"href":"https:\/\/magniplastic.com\/en\/wp-json\/wp\/v2\/product\/10945","targetHints":{"allow":["GET"]}}],"collection":[{"href":"https:\/\/magniplastic.com\/en\/wp-json\/wp\/v2\/product"}],"about":[{"href":"https:\/\/magniplastic.com\/en\/wp-json\/wp\/v2\/types\/product"}],"replies":[{"embeddable":true,"href":"https:\/\/magniplastic.com\/en\/wp-json\/wp\/v2\/comments?post=10945"}],"version-history":[{"count":1,"href":"https:\/\/magniplastic.com\/en\/wp-json\/wp\/v2\/product\/10945\/revisions"}],"predecessor-version":[{"id":10947,"href":"https:\/\/magniplastic.com\/en\/wp-json\/wp\/v2\/product\/10945\/revisions\/10947"}],"wp:featuredmedia":[{"embeddable":true,"href":"https:\/\/magniplastic.com\/en\/wp-json\/wp\/v2\/media\/10946"}],"wp:attachment":[{"href":"https:\/\/magniplastic.com\/en\/wp-json\/wp\/v2\/media?parent=10945"}],"wp:term":[{"taxonomy":"product_brand","embeddable":true,"href":"https:\/\/magniplastic.com\/en\/wp-json\/wp\/v2\/product_brand?post=10945"},{"taxonomy":"product_cat","embeddable":true,"href":"https:\/\/magniplastic.com\/en\/wp-json\/wp\/v2\/product_cat?post=10945"},{"taxonomy":"product_tag","embeddable":true,"href":"https:\/\/magniplastic.com\/en\/wp-json\/wp\/v2\/product_tag?post=10945"}],"curies":[{"name":"wp","href":"https:\/\/api.w.org\/{rel}","templated":true}]}}