{"id":10942,"date":"2024-11-29T03:37:39","date_gmt":"2024-11-29T02:37:39","guid":{"rendered":"https:\/\/magniplastic.com\/?post_type=product&#038;p=10942"},"modified":"2024-11-29T03:37:39","modified_gmt":"2024-11-29T02:37:39","slug":"tarima-de-plastico-nueva-100-x-120","status":"publish","type":"product","link":"https:\/\/magniplastic.com\/en\/product\/tarima-de-plastico-nueva-100-x-120\/","title":{"rendered":"Tarima de pl\u00e1stico nueva 100&#8243; \u00d7 120&#8243;"},"content":{"rendered":"","protected":false},"excerpt":{"rendered":"<h3><strong>Tarima de Pl\u00e1stico Anti Derrames TAD1010<\/strong><\/h3>\n<ul>\n<li><strong>Carga Din\u00e1mica:<\/strong> 1,200 kg<\/li>\n<li><strong>Carga Est\u00e1tica:<\/strong> 8,000 kg<\/li>\n<li><strong>Carga en Rack:<\/strong> 1,000 kg<\/li>\n<li><strong>Dimensiones:<\/strong>\n<ul>\n<li>Largo: 100 cm<\/li>\n<li>Ancho: 120 cm<\/li>\n<li>Altura: 16.5 cm<\/li>\n<\/ul>\n<\/li>\n<li><strong>Versiones:<\/strong> Calado<\/li>\n<li><strong>Tipo de Empaque:<\/strong> Estibada<\/li>\n<li><strong>Capacidad de Contenedores:<\/strong>\n<ul>\n<li>Contenedor 20\u2032: 148 unidades<\/li>\n<li>Contenedor 40\u2032: 296 unidades<\/li>\n<li>Torton 22\u2032: 165 unidades<\/li>\n<li>Trailer 48\u2032: 400 unidades<\/li>\n<li>Furg\u00f3n FFCC: 616 unidades<\/li>\n<\/ul>\n<\/li>\n<\/ul>","protected":false},"featured_media":10943,"comment_status":"open","ping_status":"closed","template":"","meta":[],"product_brand":[],"product_cat":[125],"product_tag":[],"class_list":{"0":"post-10942","1":"product","2":"type-product","3":"status-publish","4":"has-post-thumbnail","6":"product_cat-tarimas-de-plastico","8":"first","9":"instock","10":"shipping-taxable","11":"product-type-simple"},"_links":{"self":[{"href":"https:\/\/magniplastic.com\/en\/wp-json\/wp\/v2\/product\/10942","targetHints":{"allow":["GET"]}}],"collection":[{"href":"https:\/\/magniplastic.com\/en\/wp-json\/wp\/v2\/product"}],"about":[{"href":"https:\/\/magniplastic.com\/en\/wp-json\/wp\/v2\/types\/product"}],"replies":[{"embeddable":true,"href":"https:\/\/magniplastic.com\/en\/wp-json\/wp\/v2\/comments?post=10942"}],"version-history":[{"count":1,"href":"https:\/\/magniplastic.com\/en\/wp-json\/wp\/v2\/product\/10942\/revisions"}],"predecessor-version":[{"id":10944,"href":"https:\/\/magniplastic.com\/en\/wp-json\/wp\/v2\/product\/10942\/revisions\/10944"}],"wp:featuredmedia":[{"embeddable":true,"href":"https:\/\/magniplastic.com\/en\/wp-json\/wp\/v2\/media\/10943"}],"wp:attachment":[{"href":"https:\/\/magniplastic.com\/en\/wp-json\/wp\/v2\/media?parent=10942"}],"wp:term":[{"taxonomy":"product_brand","embeddable":true,"href":"https:\/\/magniplastic.com\/en\/wp-json\/wp\/v2\/product_brand?post=10942"},{"taxonomy":"product_cat","embeddable":true,"href":"https:\/\/magniplastic.com\/en\/wp-json\/wp\/v2\/product_cat?post=10942"},{"taxonomy":"product_tag","embeddable":true,"href":"https:\/\/magniplastic.com\/en\/wp-json\/wp\/v2\/product_tag?post=10942"}],"curies":[{"name":"wp","href":"https:\/\/api.w.org\/{rel}","templated":true}]}}