{"id":10939,"date":"2024-11-29T03:34:40","date_gmt":"2024-11-29T02:34:40","guid":{"rendered":"https:\/\/magniplastic.com\/?post_type=product&#038;p=10939"},"modified":"2024-11-29T03:34:40","modified_gmt":"2024-11-29T02:34:40","slug":"tarima-antiderrames-1-2-4-estaciones","status":"publish","type":"product","link":"https:\/\/magniplastic.com\/en\/product\/tarima-antiderrames-1-2-4-estaciones\/","title":{"rendered":"Tarima antiderrames 1-2-4 estaciones"},"content":{"rendered":"","protected":false},"excerpt":{"rendered":"<h3><strong>Tarimas de Pl\u00e1stico Anti Derrames TAD1010<\/strong><\/h3>\n<ul>\n<li><strong>Opci\u00f3n Econ\u00f3mica:<\/strong><br \/>\nSon la opci\u00f3n m\u00e1s econ\u00f3mica en el mercado para el manejo seguro de productos.<\/li>\n<li><strong>Compatibilidad con Montacargas:<\/strong><br \/>\nSe pueden utilizar con montacargas por los cuatro lados (4 way).<\/li>\n<li><strong>Dise\u00f1o Anidable Ergon\u00f3mico:<\/strong><br \/>\nPermite el manejo seguro de tambos industriales y qu\u00edmicos altamente corrosivos.<\/li>\n<li><strong>Material de Alta Calidad:<\/strong><br \/>\nFabricadas con PE (Polietileno) 100% virgen de alta densidad (HDPE).<\/li>\n<li><strong>Durabilidad:<\/strong><br \/>\nCon un tiempo de vida promedio de hasta 5 a\u00f1os gracias a los materiales de alta calidad.<\/li>\n<li><strong>Cumplimiento de Normativas:<\/strong><br \/>\nAprobadas por normas de control de derrames industriales como EPA40, CFR 264.175, SPCC, NPDES y UFC.<\/li>\n<li><strong>Premios Internacionales:<\/strong><br \/>\nGanadoras de premios internacionales, destac\u00e1ndose por su productividad, durabilidad y bajo costo.<\/li>\n<\/ul>","protected":false},"featured_media":10940,"comment_status":"open","ping_status":"closed","template":"","meta":[],"product_brand":[],"product_cat":[125],"product_tag":[],"class_list":{"0":"post-10939","1":"product","2":"type-product","3":"status-publish","4":"has-post-thumbnail","6":"product_cat-tarimas-de-plastico","8":"first","9":"instock","10":"shipping-taxable","11":"product-type-simple"},"_links":{"self":[{"href":"https:\/\/magniplastic.com\/en\/wp-json\/wp\/v2\/product\/10939","targetHints":{"allow":["GET"]}}],"collection":[{"href":"https:\/\/magniplastic.com\/en\/wp-json\/wp\/v2\/product"}],"about":[{"href":"https:\/\/magniplastic.com\/en\/wp-json\/wp\/v2\/types\/product"}],"replies":[{"embeddable":true,"href":"https:\/\/magniplastic.com\/en\/wp-json\/wp\/v2\/comments?post=10939"}],"version-history":[{"count":1,"href":"https:\/\/magniplastic.com\/en\/wp-json\/wp\/v2\/product\/10939\/revisions"}],"predecessor-version":[{"id":10941,"href":"https:\/\/magniplastic.com\/en\/wp-json\/wp\/v2\/product\/10939\/revisions\/10941"}],"wp:featuredmedia":[{"embeddable":true,"href":"https:\/\/magniplastic.com\/en\/wp-json\/wp\/v2\/media\/10940"}],"wp:attachment":[{"href":"https:\/\/magniplastic.com\/en\/wp-json\/wp\/v2\/media?parent=10939"}],"wp:term":[{"taxonomy":"product_brand","embeddable":true,"href":"https:\/\/magniplastic.com\/en\/wp-json\/wp\/v2\/product_brand?post=10939"},{"taxonomy":"product_cat","embeddable":true,"href":"https:\/\/magniplastic.com\/en\/wp-json\/wp\/v2\/product_cat?post=10939"},{"taxonomy":"product_tag","embeddable":true,"href":"https:\/\/magniplastic.com\/en\/wp-json\/wp\/v2\/product_tag?post=10939"}],"curies":[{"name":"wp","href":"https:\/\/api.w.org\/{rel}","templated":true}]}}